{"id":37,"date":"2024-04-04T09:28:37","date_gmt":"2024-04-04T07:28:37","guid":{"rendered":"https:\/\/www.blindh.se\/?page_id=37"},"modified":"2024-04-05T15:04:02","modified_gmt":"2024-04-05T13:04:02","slug":"akvarell","status":"publish","type":"page","link":"https:\/\/www.blindh.se\/?page_id=37","title":{"rendered":"Akvarell"},"content":{"rendered":"<ul class=\"wp-block-latest-posts__list is-grid columns-3 wp-block-latest-posts\"><li><div class=\"wp-block-latest-posts__featured-image\"><img loading=\"lazy\" decoding=\"async\" width=\"246\" height=\"300\" src=\"https:\/\/www.blindh.se\/wp-content\/uploads\/2024\/04\/120808-008redsaw-246x300.jpg\" class=\"attachment-medium size-medium wp-post-image\" alt=\"\" style=\"\" srcset=\"https:\/\/www.blindh.se\/wp-content\/uploads\/2024\/04\/120808-008redsaw-246x300.jpg 246w, https:\/\/www.blindh.se\/wp-content\/uploads\/2024\/04\/120808-008redsaw-841x1024.jpg 841w, https:\/\/www.blindh.se\/wp-content\/uploads\/2024\/04\/120808-008redsaw-768x935.jpg 768w, https:\/\/www.blindh.se\/wp-content\/uploads\/2024\/04\/120808-008redsaw-1261x1536.jpg 1261w, https:\/\/www.blindh.se\/wp-content\/uploads\/2024\/04\/120808-008redsaw.jpg 1610w\" sizes=\"(max-width: 246px) 100vw, 246px\" \/><\/div><a class=\"wp-block-latest-posts__post-title\" href=\"https:\/\/www.blindh.se\/?p=72\">BJ\u00d6RN I BL\u00c5B\u00c4RSRIS<\/a><div class=\"wp-block-latest-posts__post-excerpt\">Akvarell Ytterm\u00e5tt : 85 x 104 cm S\u00c5LD<\/div><\/li>\n<li><div class=\"wp-block-latest-posts__featured-image\"><img loading=\"lazy\" decoding=\"async\" width=\"300\" height=\"270\" src=\"https:\/\/www.blindh.se\/wp-content\/uploads\/2024\/04\/aaa78-300x270.jpg\" class=\"attachment-medium size-medium wp-post-image\" alt=\"\" style=\"\" srcset=\"https:\/\/www.blindh.se\/wp-content\/uploads\/2024\/04\/aaa78-300x270.jpg 300w, https:\/\/www.blindh.se\/wp-content\/uploads\/2024\/04\/aaa78-1024x920.jpg 1024w, https:\/\/www.blindh.se\/wp-content\/uploads\/2024\/04\/aaa78-768x690.jpg 768w, https:\/\/www.blindh.se\/wp-content\/uploads\/2024\/04\/aaa78-1536x1380.jpg 1536w, https:\/\/www.blindh.se\/wp-content\/uploads\/2024\/04\/aaa78.jpg 1806w\" sizes=\"(max-width: 300px) 100vw, 300px\" \/><\/div><a class=\"wp-block-latest-posts__post-title\" href=\"https:\/\/www.blindh.se\/?p=1\">ORRSPEL<\/a><div class=\"wp-block-latest-posts__post-excerpt\">Handkolorerat Stentryck Ytterm\u00e5tt : 80 x 73 cm Pris: 5500 :-<\/div><\/li>\n<\/ul>","protected":false},"excerpt":{"rendered":"","protected":false},"author":1,"featured_media":0,"parent":0,"menu_order":0,"comment_status":"closed","ping_status":"closed","template":"","meta":{"site-container-style":"default","site-container-layout":"default","site-sidebar-layout":"default","site-transparent-header":"default","prose-style":"enable","disable-article-header":"default","disable-site-header":"default","disable-site-footer":"default","disable-content-area-spacing":"default","footnotes":""},"_links":{"self":[{"href":"https:\/\/www.blindh.se\/index.php?rest_route=\/wp\/v2\/pages\/37"}],"collection":[{"href":"https:\/\/www.blindh.se\/index.php?rest_route=\/wp\/v2\/pages"}],"about":[{"href":"https:\/\/www.blindh.se\/index.php?rest_route=\/wp\/v2\/types\/page"}],"author":[{"embeddable":true,"href":"https:\/\/www.blindh.se\/index.php?rest_route=\/wp\/v2\/users\/1"}],"replies":[{"embeddable":true,"href":"https:\/\/www.blindh.se\/index.php?rest_route=%2Fwp%2Fv2%2Fcomments&post=37"}],"version-history":[{"count":5,"href":"https:\/\/www.blindh.se\/index.php?rest_route=\/wp\/v2\/pages\/37\/revisions"}],"predecessor-version":[{"id":324,"href":"https:\/\/www.blindh.se\/index.php?rest_route=\/wp\/v2\/pages\/37\/revisions\/324"}],"wp:attachment":[{"href":"https:\/\/www.blindh.se\/index.php?rest_route=%2Fwp%2Fv2%2Fmedia&parent=37"}],"curies":[{"name":"wp","href":"https:\/\/api.w.org\/{rel}","templated":true}]}}