{"id":11,"date":"2024-04-04T09:17:42","date_gmt":"2024-04-04T07:17:42","guid":{"rendered":"https:\/\/www.blindh.se\/?page_id=11"},"modified":"2024-04-04T10:20:03","modified_gmt":"2024-04-04T08:20:03","slug":"om","status":"publish","type":"page","link":"https:\/\/www.blindh.se\/","title":{"rendered":"Om"},"content":{"rendered":"\n<figure class=\"wp-block-image alignleft size-full\"><img loading=\"lazy\" decoding=\"async\" width=\"478\" height=\"394\" src=\"https:\/\/www.blindh.se\/wp-content\/uploads\/2024\/04\/bertil-1.png\" alt=\"\" class=\"wp-image-80\" srcset=\"https:\/\/www.blindh.se\/wp-content\/uploads\/2024\/04\/bertil-1.png 478w, https:\/\/www.blindh.se\/wp-content\/uploads\/2024\/04\/bertil-1-300x247.png 300w\" sizes=\"(max-width: 478px) 100vw, 478px\" \/><\/figure>\n\n\n\n<p><\/p>\n\n\n\n<p>Naturm\u00e5lare p\u00e5 heltid. F\u00f6dd i H\u00e4lsingland -51, uppvuxen och bosatt i Edsbyn. Arbetar i olja, akvarell och blyerts. G\u00f6r \u00e4ven litografier, bl.a. fr\u00e5n kalksten. Lever och skapar mitt i den H\u00e4lsingska skogsmilj\u00f6n, d\u00e4r han stortrivs bland orrspelsmyrar, v\u00e5tmarker, sj\u00f6landskap och i storskogens fascinerande fauna.<\/p>\n\n\n\n<p><em>&#8221;Jag har som m\u00e5ls\u00e4ttning med mitt skapande att \u00f6dmjukt f\u00f6rs\u00f6ka tolka djurens karakt\u00e4rer, som just jag l\u00e4rt mig uppleva dem, samt att placera dem i den rena or\u00f6rda milj\u00f6 jag \u00f6nskade de \u00e4gde&#8221;<\/em><\/p>\n\n\n\n<p class=\"has-text-align-right\">\/ Bertil Lindh<\/p>\n","protected":false},"excerpt":{"rendered":"<p>Naturm\u00e5lare p\u00e5 heltid. F\u00f6dd i H\u00e4lsingland -51, uppvuxen och bosatt i Edsbyn. Arbetar i olja, akvarell och blyerts. G\u00f6r \u00e4ven litografier, bl.a. fr\u00e5n kalksten. Lever och skapar mitt i den H\u00e4lsingska skogsmilj\u00f6n, d\u00e4r han stortrivs bland orrspelsmyrar, v\u00e5tmarker, sj\u00f6landskap och i storskogens fascinerande fauna. &#8221;Jag har som m\u00e5ls\u00e4ttning med mitt skapande att \u00f6dmjukt f\u00f6rs\u00f6ka tolka [&hellip;]<\/p>\n","protected":false},"author":1,"featured_media":0,"parent":0,"menu_order":0,"comment_status":"closed","ping_status":"closed","template":"","meta":{"site-container-style":"default","site-container-layout":"default","site-sidebar-layout":"default","site-transparent-header":"default","prose-style":"enable","disable-article-header":"default","disable-site-header":"default","disable-site-footer":"default","disable-content-area-spacing":"default","footnotes":""},"_links":{"self":[{"href":"https:\/\/www.blindh.se\/index.php?rest_route=\/wp\/v2\/pages\/11"}],"collection":[{"href":"https:\/\/www.blindh.se\/index.php?rest_route=\/wp\/v2\/pages"}],"about":[{"href":"https:\/\/www.blindh.se\/index.php?rest_route=\/wp\/v2\/types\/page"}],"author":[{"embeddable":true,"href":"https:\/\/www.blindh.se\/index.php?rest_route=\/wp\/v2\/users\/1"}],"replies":[{"embeddable":true,"href":"https:\/\/www.blindh.se\/index.php?rest_route=%2Fwp%2Fv2%2Fcomments&post=11"}],"version-history":[{"count":6,"href":"https:\/\/www.blindh.se\/index.php?rest_route=\/wp\/v2\/pages\/11\/revisions"}],"predecessor-version":[{"id":82,"href":"https:\/\/www.blindh.se\/index.php?rest_route=\/wp\/v2\/pages\/11\/revisions\/82"}],"wp:attachment":[{"href":"https:\/\/www.blindh.se\/index.php?rest_route=%2Fwp%2Fv2%2Fmedia&parent=11"}],"curies":[{"name":"wp","href":"https:\/\/api.w.org\/{rel}","templated":true}]}}